{"id":11,"date":"2010-05-27T09:52:10","date_gmt":"2010-05-27T09:52:10","guid":{"rendered":"http:\/\/blogs.encamina.com\/una-vision-personal\/about\/"},"modified":"2014-05-15T12:11:17","modified_gmt":"2014-05-15T11:11:17","slug":"acerca-de","status":"publish","type":"page","link":"https:\/\/blogs.encamina.com\/una-vision-personal\/acerca-de\/","title":{"rendered":"Acerca de"},"content":{"rendered":"<p><span style=\"color: #333333;\">Siempre me ha atraido hacer m\u00e1s f\u00e1cil el trabajo de los dem\u00e1s, en <a title=\"ENCAMINA, piensa en colores\" href=\"http:\/\/www.encamina.com\" target=\"_blank\">ENCAMINA<\/a> y <a title=\"Entresistemas\" href=\"http:\/\/www.entresistemas.com\" target=\"_blank\">ENTRESISTEMAS<\/a> nos dedicamos a que las personas sean m\u00e1s productivas, trabajen mejor informadas y se orienten al aporte de valor.\u00a0<\/span><br style=\"color: #333333;\" \/><br style=\"color: #333333;\" \/><span style=\"color: #333333;\">Lo que hago:<\/span><br style=\"color: #333333;\" \/><span style=\"color: #333333;\">Dirijo al fant\u00e1stico equipo de ENCAMINA para que proponga soluciones en entornos Microsoft, con una clara especializaci\u00f3n en Sharepoint, CRM, BI y Azure. Con estas herramientas desarrollamos la capacidad de nuestros clientes de ser m\u00e1s productivos. Siempre pensando en colores<\/span><br style=\"color: #333333;\" \/><br style=\"color: #333333;\" \/><span style=\"color: #333333;\">En ENTRESISTEMAS ayudo desde la direcci\u00f3n colegiada a que los proyectos de automatizaci\u00f3n industrial, eficiencia energ\u00e9tica, integraci\u00f3n IT y soluciones MES se realicen con la m\u00e1xima excelencia, mejorando as\u00ed sus resultados.<\/span><br style=\"color: #333333;\" \/><br style=\"color: #333333;\" \/><span style=\"color: #333333;\">Tanto en ENTRESISTEMAS, como en ENCAMINA trabajamos todos los d\u00edas por mejorar la productividad de las organizaciones, de forma sostenible, humana y basados en el talento y la tecnolog\u00eda.<\/span><br style=\"color: #333333;\" \/><br style=\"color: #333333;\" \/><span style=\"color: #333333;\">Lo que Busco:<\/span><br style=\"color: #333333;\" \/><span style=\"color: #333333;\">Encontrar personas con las que compartir un trozo del camino, desarrollando nuevos proyectos empresariales en \u00e1reas que atraen (eHealth, energ\u00edas renovables y residuos, formaci\u00f3n y desarrollo del talento, internet de las cosas, movilidad, banca, web 2.0 &#8230;) o en otras que me atraeran.<\/span><br style=\"color: #333333;\" \/><br style=\"color: #333333;\" \/><span style=\"color: #333333;\">Especialidades:Direcci\u00f3n general, planificaci\u00f3n estrategica, representaci\u00f3n institucional, desarrollo del talento, consultoria, banca, Software, finanzas, desarrollo del negocio, COBOL (una pasi\u00f3n de juventud)<\/span><\/p>\n<p>M\u00e1s sobre m\u00ed:<\/p>\n<p><a title=\"LinkedIn Pako Gim\u00e9nez\" href=\"http:\/\/es.linkedin.com\/in\/pakogimenez\/es\" target=\"_blank\"><img loading=\"lazy\" decoding=\"async\" class=\"alignnone size-full wp-image-574\" src=\"http:\/\/blogs.encamina.com\/una-vision-personal\/wp-content\/uploads\/sites\/2\/2010\/05\/32-linkedin.png\" alt=\"32-linkedin\" width=\"32\" height=\"32\" \/><\/a> <a title=\"Twitter Pako Gim\u00e9nez\" href=\"https:\/\/twitter.com\/PakoRho\" target=\"_blank\"><img loading=\"lazy\" decoding=\"async\" class=\"alignnone size-full wp-image-572\" src=\"http:\/\/blogs.encamina.com\/una-vision-personal\/wp-content\/uploads\/sites\/2\/2010\/05\/32-twitter.png\" alt=\"32-twitter\" width=\"32\" height=\"32\" \/><\/a> <a title=\"Google+ Pako Gim\u00e9nez\" href=\"https:\/\/plus.google.com\/u\/0\/+PakoGimenez\/\" target=\"_blank\"><img loading=\"lazy\" decoding=\"async\" class=\"alignnone size-full wp-image-573\" src=\"http:\/\/blogs.encamina.com\/una-vision-personal\/wp-content\/uploads\/sites\/2\/2010\/05\/32-googleplus.png\" alt=\"32-googleplus\" width=\"32\" height=\"32\" \/><\/a><\/p>\n<p>&nbsp;<\/p>\n<!-- AddThis Advanced Settings generic via filter on the_content --><!-- AddThis Share Buttons generic via filter on the_content -->","protected":false},"excerpt":{"rendered":"<p>Siempre me ha atraido hacer m\u00e1s f\u00e1cil el trabajo de los dem\u00e1s, en ENCAMINA y ENTRESISTEMAS nos dedicamos a que las personas sean m\u00e1s productivas, trabajen mejor informadas y se orienten al aporte de valor.\u00a0Lo que hago:Dirijo al fant\u00e1stico equipo &hellip; <a href=\"https:\/\/blogs.encamina.com\/una-vision-personal\/acerca-de\/\">Continue reading <span class=\"meta-nav\">&rarr;<\/span><\/a><!-- AddThis Advanced Settings generic via filter on get_the_excerpt --><!-- AddThis Share Buttons generic via filter on get_the_excerpt --><\/p>\n","protected":false},"author":2,"featured_media":0,"parent":0,"menu_order":0,"comment_status":"closed","ping_status":"open","template":"","meta":{"footnotes":""},"class_list":["post-11","page","type-page","status-publish","hentry"],"yoast_head":"<!-- This site is optimized with the Yoast SEO Premium plugin v18.2.1 (Yoast SEO v27.3) - https:\/\/yoast.com\/product\/yoast-seo-premium-wordpress\/ -->\n<title>Acerca de Pako Gim\u00e9nez<\/title>\n<meta name=\"description\" content=\"Siempre me ha atraido hacer m\u00e1s f\u00e1cil el trabajo de los dem\u00e1s, en ENCAMINA y ENTRESISTEMAS nos dedicamos a que las personas sean m\u00e1s productivas.\" \/>\n<meta name=\"robots\" content=\"index, follow, max-snippet:-1, max-image-preview:large, max-video-preview:-1\" \/>\n<link rel=\"canonical\" href=\"https:\/\/blogs.encamina.com\/una-vision-personal\/acerca-de\/\" \/>\n<meta name=\"twitter:label1\" content=\"Tiempo de lectura\" \/>\n\t<meta name=\"twitter:data1\" content=\"1 minuto\" \/>\n<script type=\"application\/ld+json\" class=\"yoast-schema-graph\">{\"@context\":\"https:\\\/\\\/schema.org\",\"@graph\":[{\"@type\":\"WebPage\",\"@id\":\"https:\\\/\\\/blogs.encamina.com\\\/una-vision-personal\\\/acerca-de\\\/\",\"url\":\"https:\\\/\\\/blogs.encamina.com\\\/una-vision-personal\\\/acerca-de\\\/\",\"name\":\"Acerca de Pako Gim\u00e9nez\",\"isPartOf\":{\"@id\":\"https:\\\/\\\/blogs.encamina.com\\\/una-vision-personal\\\/#website\"},\"primaryImageOfPage\":{\"@id\":\"https:\\\/\\\/blogs.encamina.com\\\/una-vision-personal\\\/acerca-de\\\/#primaryimage\"},\"image\":{\"@id\":\"https:\\\/\\\/blogs.encamina.com\\\/una-vision-personal\\\/acerca-de\\\/#primaryimage\"},\"thumbnailUrl\":\"http:\\\/\\\/blogs.encamina.com\\\/una-vision-personal\\\/wp-content\\\/uploads\\\/sites\\\/2\\\/2010\\\/05\\\/32-linkedin.png\",\"datePublished\":\"2010-05-27T09:52:10+00:00\",\"dateModified\":\"2014-05-15T11:11:17+00:00\",\"description\":\"Siempre me ha atraido hacer m\u00e1s f\u00e1cil el trabajo de los dem\u00e1s, en ENCAMINA y ENTRESISTEMAS nos dedicamos a que las personas sean m\u00e1s productivas.\",\"inLanguage\":\"es\",\"potentialAction\":[{\"@type\":\"ReadAction\",\"target\":[\"https:\\\/\\\/blogs.encamina.com\\\/una-vision-personal\\\/acerca-de\\\/\"]}]},{\"@type\":\"ImageObject\",\"inLanguage\":\"es\",\"@id\":\"https:\\\/\\\/blogs.encamina.com\\\/una-vision-personal\\\/acerca-de\\\/#primaryimage\",\"url\":\"https:\\\/\\\/blogs.encamina.com\\\/una-vision-personal\\\/wp-content\\\/uploads\\\/sites\\\/2\\\/2010\\\/05\\\/32-linkedin.png\",\"contentUrl\":\"https:\\\/\\\/blogs.encamina.com\\\/una-vision-personal\\\/wp-content\\\/uploads\\\/sites\\\/2\\\/2010\\\/05\\\/32-linkedin.png\",\"width\":32,\"height\":32},{\"@type\":\"WebSite\",\"@id\":\"https:\\\/\\\/blogs.encamina.com\\\/una-vision-personal\\\/#website\",\"url\":\"https:\\\/\\\/blogs.encamina.com\\\/una-vision-personal\\\/\",\"name\":\"Una visi\u00f3n personal\",\"description\":\"Cosas que se me ocurren sobre ENCAMINA, su negocio, sus personas, sus clientes\u2026\",\"potentialAction\":[{\"@type\":\"SearchAction\",\"target\":{\"@type\":\"EntryPoint\",\"urlTemplate\":\"https:\\\/\\\/blogs.encamina.com\\\/una-vision-personal\\\/?s={search_term_string}\"},\"query-input\":{\"@type\":\"PropertyValueSpecification\",\"valueRequired\":true,\"valueName\":\"search_term_string\"}}],\"inLanguage\":\"es\"}]}<\/script>\n<!-- \/ Yoast SEO Premium plugin. -->","yoast_head_json":{"title":"Acerca de Pako Gim\u00e9nez","description":"Siempre me ha atraido hacer m\u00e1s f\u00e1cil el trabajo de los dem\u00e1s, en ENCAMINA y ENTRESISTEMAS nos dedicamos a que las personas sean m\u00e1s productivas.","robots":{"index":"index","follow":"follow","max-snippet":"max-snippet:-1","max-image-preview":"max-image-preview:large","max-video-preview":"max-video-preview:-1"},"canonical":"https:\/\/blogs.encamina.com\/una-vision-personal\/acerca-de\/","twitter_misc":{"Tiempo de lectura":"1 minuto"},"schema":{"@context":"https:\/\/schema.org","@graph":[{"@type":"WebPage","@id":"https:\/\/blogs.encamina.com\/una-vision-personal\/acerca-de\/","url":"https:\/\/blogs.encamina.com\/una-vision-personal\/acerca-de\/","name":"Acerca de Pako Gim\u00e9nez","isPartOf":{"@id":"https:\/\/blogs.encamina.com\/una-vision-personal\/#website"},"primaryImageOfPage":{"@id":"https:\/\/blogs.encamina.com\/una-vision-personal\/acerca-de\/#primaryimage"},"image":{"@id":"https:\/\/blogs.encamina.com\/una-vision-personal\/acerca-de\/#primaryimage"},"thumbnailUrl":"http:\/\/blogs.encamina.com\/una-vision-personal\/wp-content\/uploads\/sites\/2\/2010\/05\/32-linkedin.png","datePublished":"2010-05-27T09:52:10+00:00","dateModified":"2014-05-15T11:11:17+00:00","description":"Siempre me ha atraido hacer m\u00e1s f\u00e1cil el trabajo de los dem\u00e1s, en ENCAMINA y ENTRESISTEMAS nos dedicamos a que las personas sean m\u00e1s productivas.","inLanguage":"es","potentialAction":[{"@type":"ReadAction","target":["https:\/\/blogs.encamina.com\/una-vision-personal\/acerca-de\/"]}]},{"@type":"ImageObject","inLanguage":"es","@id":"https:\/\/blogs.encamina.com\/una-vision-personal\/acerca-de\/#primaryimage","url":"https:\/\/blogs.encamina.com\/una-vision-personal\/wp-content\/uploads\/sites\/2\/2010\/05\/32-linkedin.png","contentUrl":"https:\/\/blogs.encamina.com\/una-vision-personal\/wp-content\/uploads\/sites\/2\/2010\/05\/32-linkedin.png","width":32,"height":32},{"@type":"WebSite","@id":"https:\/\/blogs.encamina.com\/una-vision-personal\/#website","url":"https:\/\/blogs.encamina.com\/una-vision-personal\/","name":"Una visi\u00f3n personal","description":"Cosas que se me ocurren sobre ENCAMINA, su negocio, sus personas, sus clientes\u2026","potentialAction":[{"@type":"SearchAction","target":{"@type":"EntryPoint","urlTemplate":"https:\/\/blogs.encamina.com\/una-vision-personal\/?s={search_term_string}"},"query-input":{"@type":"PropertyValueSpecification","valueRequired":true,"valueName":"search_term_string"}}],"inLanguage":"es"}]}},"_links":{"self":[{"href":"https:\/\/blogs.encamina.com\/una-vision-personal\/wp-json\/wp\/v2\/pages\/11","targetHints":{"allow":["GET"]}}],"collection":[{"href":"https:\/\/blogs.encamina.com\/una-vision-personal\/wp-json\/wp\/v2\/pages"}],"about":[{"href":"https:\/\/blogs.encamina.com\/una-vision-personal\/wp-json\/wp\/v2\/types\/page"}],"author":[{"embeddable":true,"href":"https:\/\/blogs.encamina.com\/una-vision-personal\/wp-json\/wp\/v2\/users\/2"}],"replies":[{"embeddable":true,"href":"https:\/\/blogs.encamina.com\/una-vision-personal\/wp-json\/wp\/v2\/comments?post=11"}],"version-history":[{"count":0,"href":"https:\/\/blogs.encamina.com\/una-vision-personal\/wp-json\/wp\/v2\/pages\/11\/revisions"}],"wp:attachment":[{"href":"https:\/\/blogs.encamina.com\/una-vision-personal\/wp-json\/wp\/v2\/media?parent=11"}],"curies":[{"name":"wp","href":"https:\/\/api.w.org\/{rel}","templated":true}]}}