{"id":130,"date":"2014-05-15T11:15:24","date_gmt":"2014-05-15T10:15:24","guid":{"rendered":"http:\/\/blogs.encamina.com\/encamina-se-mueve\/?page_id=130"},"modified":"2024-02-14T16:41:12","modified_gmt":"2024-02-14T15:41:12","slug":"acerca-de","status":"publish","type":"page","link":"https:\/\/blogs.encamina.com\/encamina-se-mueve\/acerca-de\/","title":{"rendered":"Acerca de&#8230;"},"content":{"rendered":"<h2>Laura Blanch<\/h2>\n<p style=\"text-align: justify;\">Soy Laura Blanch, Licenciada en Ciencias de la Informaci\u00f3n por la Universidad CEU Cardernal Herrera y especialista en Marketing Online. He dedicado casi toda mi vida profesional a comunicar y entretener a trav\u00e9s de la radio y la televisi\u00f3n, hasta que un giro inesperado hizo que me planteara nuevos retos profesionales\u2026La tecnolog\u00eda \u00a0se convirti\u00f3 en mi aliada, el eslab\u00f3n que me faltaba para completar la cadena de la\u00a0COMUNICACI\u00d3N.<\/p>\n<p style=\"text-align: justify;\">Ahora formo parte del departamento de Marketing de ENCAMINA, una empresa que me ha ense\u00f1ado que la tecnolog\u00eda no es gris, sino que tiene colores, y donde cada d\u00eda aprendo cosas nuevas gracias a mis compa\u00f1eros. Pienso que re\u00edrse de uno mismo es la mejor terapia para afrontar los problemas.<\/p>\n<p>M\u00e1s sobre m\u00ed:<\/p>\n<p><a title=\"LinkedIn Laura Blanch\" href=\"https:\/\/www.linkedin.com\/in\/laurablanchjaraba\/\" target=\"_blank\" rel=\"noopener noreferrer\"><img loading=\"lazy\" decoding=\"async\" class=\"alignnone size-full wp-image-1278\" src=\"https:\/\/blogs.encamina.com\/desarrollandosobresharepoint\/wp-content\/uploads\/sites\/8\/2013\/03\/32-linkedin.png\" alt=\"32-linkedin\" width=\"32\" height=\"32\" \/><\/a><\/p>\n<p>&nbsp;<\/p>\n<h2>Patricia Cabezas<\/h2>\n<p style=\"text-align: justify;\">Publicista ordenando briefs y desordenando ideas en el departamento de Marketing de ENCAMINA. Generosa de sonrisas, amante de proyectos que conectan personas. Aventurera, feliz con vistas al horizonte.<\/p>\n<p>M\u00e1s sobre m\u00ed:<\/p>\n<p><a title=\"LinkedIn Laura Blanch\" href=\"https:\/\/www.linkedin.com\/in\/patricia-cabezas-garc%C3%ADa-b14aa399\/\" target=\"_blank\" rel=\"noopener noreferrer\"><img loading=\"lazy\" decoding=\"async\" class=\"alignnone wp-image-1278 size-full\" src=\"https:\/\/blogs.encamina.com\/desarrollandosobresharepoint\/wp-content\/uploads\/sites\/8\/2013\/03\/32-linkedin.png\" alt=\"32-linkedin\" width=\"32\" height=\"32\" \/><\/a><\/p>\n<!-- AddThis Advanced Settings generic via filter on the_content --><!-- AddThis Share Buttons generic via filter on the_content --><span class=\"et_bloom_bottom_trigger\"><\/span>","protected":false},"excerpt":{"rendered":"<p>Laura Blanch Soy Laura Blanch, Licenciada en Ciencias de la Informaci\u00f3n por la Universidad CEU Cardernal Herrera y especialista en Marketing Online. He dedicado casi toda mi vida profesional a comunicar y entretener a trav\u00e9s de la radio y la &hellip; <a href=\"https:\/\/blogs.encamina.com\/encamina-se-mueve\/acerca-de\/\">Continue reading <span class=\"meta-nav\">&rarr;<\/span><\/a><!-- AddThis Advanced Settings generic via filter on get_the_excerpt --><!-- AddThis Share Buttons generic via filter on get_the_excerpt --><\/p>\n","protected":false},"author":1,"featured_media":0,"parent":0,"menu_order":0,"comment_status":"closed","ping_status":"open","template":"","meta":{"footnotes":""},"class_list":["post-130","page","type-page","status-publish","hentry"],"yoast_head":"<!-- This site is optimized with the Yoast SEO Premium plugin v18.2.1 (Yoast SEO v27.3) - https:\/\/yoast.com\/product\/yoast-seo-premium-wordpress\/ -->\n<title>Acerca de Laura Blanch<\/title>\n<meta name=\"description\" content=\"Responsable de marca en ENCAMINA. Consultora y formadora de UX, eCommerce y Marketing Digital.\" \/>\n<meta name=\"robots\" content=\"index, follow, max-snippet:-1, max-image-preview:large, max-video-preview:-1\" \/>\n<link rel=\"canonical\" href=\"https:\/\/blogs.encamina.com\/encamina-se-mueve\/acerca-de\/\" \/>\n<meta property=\"og:locale\" content=\"es_ES\" \/>\n<meta property=\"og:type\" content=\"article\" \/>\n<meta property=\"og:title\" content=\"Acerca de...\" \/>\n<meta property=\"og:description\" content=\"Responsable de marca en ENCAMINA. Consultora y formadora de UX, eCommerce y Marketing Digital.\" \/>\n<meta property=\"og:url\" content=\"https:\/\/blogs.encamina.com\/encamina-se-mueve\/acerca-de\/\" \/>\n<meta property=\"og:site_name\" content=\"ENCAMINA se Mueve\" \/>\n<meta property=\"article:modified_time\" content=\"2024-02-14T15:41:12+00:00\" \/>\n<meta property=\"og:image\" content=\"https:\/\/blogs.encamina.com\/desarrollandosobresharepoint\/wp-content\/uploads\/sites\/8\/2013\/03\/32-linkedin.png\" \/>\n<meta name=\"twitter:card\" content=\"summary_large_image\" \/>\n<meta name=\"twitter:label1\" content=\"Tiempo de lectura\" \/>\n\t<meta name=\"twitter:data1\" content=\"2 minutos\" \/>\n<script type=\"application\/ld+json\" class=\"yoast-schema-graph\">{\"@context\":\"https:\\\/\\\/schema.org\",\"@graph\":[{\"@type\":\"WebPage\",\"@id\":\"https:\\\/\\\/blogs.encamina.com\\\/encamina-se-mueve\\\/acerca-de\\\/\",\"url\":\"https:\\\/\\\/blogs.encamina.com\\\/encamina-se-mueve\\\/acerca-de\\\/\",\"name\":\"Acerca de Laura Blanch\",\"isPartOf\":{\"@id\":\"https:\\\/\\\/blogs.encamina.com\\\/encamina-se-mueve\\\/#website\"},\"primaryImageOfPage\":{\"@id\":\"https:\\\/\\\/blogs.encamina.com\\\/encamina-se-mueve\\\/acerca-de\\\/#primaryimage\"},\"image\":{\"@id\":\"https:\\\/\\\/blogs.encamina.com\\\/encamina-se-mueve\\\/acerca-de\\\/#primaryimage\"},\"thumbnailUrl\":\"https:\\\/\\\/blogs.encamina.com\\\/desarrollandosobresharepoint\\\/wp-content\\\/uploads\\\/sites\\\/8\\\/2013\\\/03\\\/32-linkedin.png\",\"datePublished\":\"2014-05-15T10:15:24+00:00\",\"dateModified\":\"2024-02-14T15:41:12+00:00\",\"description\":\"Responsable de marca en ENCAMINA. Consultora y formadora de UX, eCommerce y Marketing Digital.\",\"inLanguage\":\"es\",\"potentialAction\":[{\"@type\":\"ReadAction\",\"target\":[\"https:\\\/\\\/blogs.encamina.com\\\/encamina-se-mueve\\\/acerca-de\\\/\"]}]},{\"@type\":\"ImageObject\",\"inLanguage\":\"es\",\"@id\":\"https:\\\/\\\/blogs.encamina.com\\\/encamina-se-mueve\\\/acerca-de\\\/#primaryimage\",\"url\":\"https:\\\/\\\/blogs.encamina.com\\\/desarrollandosobresharepoint\\\/wp-content\\\/uploads\\\/sites\\\/8\\\/2013\\\/03\\\/32-linkedin.png\",\"contentUrl\":\"https:\\\/\\\/blogs.encamina.com\\\/desarrollandosobresharepoint\\\/wp-content\\\/uploads\\\/sites\\\/8\\\/2013\\\/03\\\/32-linkedin.png\"},{\"@type\":\"WebSite\",\"@id\":\"https:\\\/\\\/blogs.encamina.com\\\/encamina-se-mueve\\\/#website\",\"url\":\"https:\\\/\\\/blogs.encamina.com\\\/encamina-se-mueve\\\/\",\"name\":\"ENCAMINA se Mueve\",\"description\":\"Todo lo que se cuece en nuestro equipo: formaciones, charlas, webcasts, talleres...\",\"publisher\":{\"@id\":\"https:\\\/\\\/blogs.encamina.com\\\/encamina-se-mueve\\\/#organization\"},\"potentialAction\":[{\"@type\":\"SearchAction\",\"target\":{\"@type\":\"EntryPoint\",\"urlTemplate\":\"https:\\\/\\\/blogs.encamina.com\\\/encamina-se-mueve\\\/?s={search_term_string}\"},\"query-input\":{\"@type\":\"PropertyValueSpecification\",\"valueRequired\":true,\"valueName\":\"search_term_string\"}}],\"inLanguage\":\"es\"},{\"@type\":\"Organization\",\"@id\":\"https:\\\/\\\/blogs.encamina.com\\\/encamina-se-mueve\\\/#organization\",\"name\":\"ENCAMINA\",\"url\":\"https:\\\/\\\/blogs.encamina.com\\\/encamina-se-mueve\\\/\",\"logo\":{\"@type\":\"ImageObject\",\"inLanguage\":\"es\",\"@id\":\"https:\\\/\\\/blogs.encamina.com\\\/encamina-se-mueve\\\/#\\\/schema\\\/logo\\\/image\\\/\",\"url\":\"https:\\\/\\\/blogs.encamina.com\\\/encamina-se-mueve\\\/wp-content\\\/uploads\\\/sites\\\/4\\\/2018\\\/10\\\/Logo_ENCAMINA_sin-claim.png\",\"contentUrl\":\"https:\\\/\\\/blogs.encamina.com\\\/encamina-se-mueve\\\/wp-content\\\/uploads\\\/sites\\\/4\\\/2018\\\/10\\\/Logo_ENCAMINA_sin-claim.png\",\"width\":409,\"height\":77,\"caption\":\"ENCAMINA\"},\"image\":{\"@id\":\"https:\\\/\\\/blogs.encamina.com\\\/encamina-se-mueve\\\/#\\\/schema\\\/logo\\\/image\\\/\"}}]}<\/script>\n<!-- \/ Yoast SEO Premium plugin. -->","yoast_head_json":{"title":"Acerca de Laura Blanch","description":"Responsable de marca en ENCAMINA. Consultora y formadora de UX, eCommerce y Marketing Digital.","robots":{"index":"index","follow":"follow","max-snippet":"max-snippet:-1","max-image-preview":"max-image-preview:large","max-video-preview":"max-video-preview:-1"},"canonical":"https:\/\/blogs.encamina.com\/encamina-se-mueve\/acerca-de\/","og_locale":"es_ES","og_type":"article","og_title":"Acerca de...","og_description":"Responsable de marca en ENCAMINA. Consultora y formadora de UX, eCommerce y Marketing Digital.","og_url":"https:\/\/blogs.encamina.com\/encamina-se-mueve\/acerca-de\/","og_site_name":"ENCAMINA se Mueve","article_modified_time":"2024-02-14T15:41:12+00:00","og_image":[{"url":"https:\/\/blogs.encamina.com\/desarrollandosobresharepoint\/wp-content\/uploads\/sites\/8\/2013\/03\/32-linkedin.png","type":"","width":"","height":""}],"twitter_card":"summary_large_image","twitter_misc":{"Tiempo de lectura":"2 minutos"},"schema":{"@context":"https:\/\/schema.org","@graph":[{"@type":"WebPage","@id":"https:\/\/blogs.encamina.com\/encamina-se-mueve\/acerca-de\/","url":"https:\/\/blogs.encamina.com\/encamina-se-mueve\/acerca-de\/","name":"Acerca de Laura Blanch","isPartOf":{"@id":"https:\/\/blogs.encamina.com\/encamina-se-mueve\/#website"},"primaryImageOfPage":{"@id":"https:\/\/blogs.encamina.com\/encamina-se-mueve\/acerca-de\/#primaryimage"},"image":{"@id":"https:\/\/blogs.encamina.com\/encamina-se-mueve\/acerca-de\/#primaryimage"},"thumbnailUrl":"https:\/\/blogs.encamina.com\/desarrollandosobresharepoint\/wp-content\/uploads\/sites\/8\/2013\/03\/32-linkedin.png","datePublished":"2014-05-15T10:15:24+00:00","dateModified":"2024-02-14T15:41:12+00:00","description":"Responsable de marca en ENCAMINA. Consultora y formadora de UX, eCommerce y Marketing Digital.","inLanguage":"es","potentialAction":[{"@type":"ReadAction","target":["https:\/\/blogs.encamina.com\/encamina-se-mueve\/acerca-de\/"]}]},{"@type":"ImageObject","inLanguage":"es","@id":"https:\/\/blogs.encamina.com\/encamina-se-mueve\/acerca-de\/#primaryimage","url":"https:\/\/blogs.encamina.com\/desarrollandosobresharepoint\/wp-content\/uploads\/sites\/8\/2013\/03\/32-linkedin.png","contentUrl":"https:\/\/blogs.encamina.com\/desarrollandosobresharepoint\/wp-content\/uploads\/sites\/8\/2013\/03\/32-linkedin.png"},{"@type":"WebSite","@id":"https:\/\/blogs.encamina.com\/encamina-se-mueve\/#website","url":"https:\/\/blogs.encamina.com\/encamina-se-mueve\/","name":"ENCAMINA se Mueve","description":"Todo lo que se cuece en nuestro equipo: formaciones, charlas, webcasts, talleres...","publisher":{"@id":"https:\/\/blogs.encamina.com\/encamina-se-mueve\/#organization"},"potentialAction":[{"@type":"SearchAction","target":{"@type":"EntryPoint","urlTemplate":"https:\/\/blogs.encamina.com\/encamina-se-mueve\/?s={search_term_string}"},"query-input":{"@type":"PropertyValueSpecification","valueRequired":true,"valueName":"search_term_string"}}],"inLanguage":"es"},{"@type":"Organization","@id":"https:\/\/blogs.encamina.com\/encamina-se-mueve\/#organization","name":"ENCAMINA","url":"https:\/\/blogs.encamina.com\/encamina-se-mueve\/","logo":{"@type":"ImageObject","inLanguage":"es","@id":"https:\/\/blogs.encamina.com\/encamina-se-mueve\/#\/schema\/logo\/image\/","url":"https:\/\/blogs.encamina.com\/encamina-se-mueve\/wp-content\/uploads\/sites\/4\/2018\/10\/Logo_ENCAMINA_sin-claim.png","contentUrl":"https:\/\/blogs.encamina.com\/encamina-se-mueve\/wp-content\/uploads\/sites\/4\/2018\/10\/Logo_ENCAMINA_sin-claim.png","width":409,"height":77,"caption":"ENCAMINA"},"image":{"@id":"https:\/\/blogs.encamina.com\/encamina-se-mueve\/#\/schema\/logo\/image\/"}}]}},"_links":{"self":[{"href":"https:\/\/blogs.encamina.com\/encamina-se-mueve\/wp-json\/wp\/v2\/pages\/130","targetHints":{"allow":["GET"]}}],"collection":[{"href":"https:\/\/blogs.encamina.com\/encamina-se-mueve\/wp-json\/wp\/v2\/pages"}],"about":[{"href":"https:\/\/blogs.encamina.com\/encamina-se-mueve\/wp-json\/wp\/v2\/types\/page"}],"author":[{"embeddable":true,"href":"https:\/\/blogs.encamina.com\/encamina-se-mueve\/wp-json\/wp\/v2\/users\/1"}],"replies":[{"embeddable":true,"href":"https:\/\/blogs.encamina.com\/encamina-se-mueve\/wp-json\/wp\/v2\/comments?post=130"}],"version-history":[{"count":0,"href":"https:\/\/blogs.encamina.com\/encamina-se-mueve\/wp-json\/wp\/v2\/pages\/130\/revisions"}],"wp:attachment":[{"href":"https:\/\/blogs.encamina.com\/encamina-se-mueve\/wp-json\/wp\/v2\/media?parent=130"}],"curies":[{"name":"wp","href":"https:\/\/api.w.org\/{rel}","templated":true}]}}